{"id":236,"date":"2016-12-13T22:56:55","date_gmt":"2016-12-13T21:56:55","guid":{"rendered":"http:\/\/jeanbaphoto.fr\/blog\/?page_id=236"},"modified":"2016-12-13T23:08:49","modified_gmt":"2016-12-13T22:08:49","slug":"liens","status":"publish","type":"page","link":"https:\/\/jeanbaphoto.fr\/blog\/liens\/","title":{"rendered":"liens"},"content":{"rendered":"<p>[<a href=\"http:\/\/jeanbaphoto.fr\/\" target=\"_blank\">Jeanba : photo<\/a>]<br \/>\nMon site de photographie<\/p>\n<p>[<a href=\"http:\/\/jeanba.net\/\" target=\"_blank\">jeanba : works<\/a>] [<a href=\"https:\/\/vimeo.com\/user46364055\" target=\"_blank\">jeanba : vimeo<\/a>]<br \/>\nMes sites professionnels de graphiste et motion designer<\/p>\n<p>[<a href=\"http:\/\/jeanba.net\/velo\/\" target=\"_blank\">jeanba : v\u00e9lo<\/a>]<br \/>\nMon site sur le v\u00e9lo<\/p>\n<p><strong>Copinage :<\/strong><\/p>\n<p>[<a href=\"http:\/\/www.galerie-photo.com\/\" target=\"_blank\">Galerie-photo.com<\/a>]<br \/>\nle site de la photographie moyen et grand format haute r\u00e9solution, et son forum.<\/p>\n<p>[<a href=\"http:\/\/www.lf-photo.org.uk\/\" target=\"_blank\">LF-photo.org.uk<\/a>]<br \/>\nle site et forum anglais de la photo en grand-format, parmi les fondateurs duquel figure mon ami :<\/p>\n<p>[<a href=\"http:\/\/www.photograph-architecture.co.uk\/\" target=\"_blank\">Charles Twist<\/a>]<br \/>\nphotographe dans le nord de l&rsquo;Angleterre.<\/p>\n<p>[<a href=\"http:\/\/www.ateliergms.com\/avertissement.html\" target=\"_blank\">G\u00e9rard M\u00e9trot<\/a>]<br \/>\nle r\u00e9parateur farn\u00e7ais le plus r\u00e9put\u00e9 de Rolleiflex, obturateurs d&rsquo;objectifs grand-format, Leica, Nikon et autres\u2026<\/p>\n<p>[<a href=\"http:\/\/www.arca-swiss-magasin.com\/\" target=\"_blank\">Arca Swiss<\/a>]<br \/>\nle top des chambres techniques moyen et grand format, argentique comme num\u00e9rique, <em>made in<\/em> Besan\u00e7on !<\/p>\n","protected":false},"excerpt":{"rendered":"<p>[Jeanba : photo] Mon site de photographie [jeanba : works] [jeanba : vimeo] Mes sites professionnels de graphiste et motion designer [jeanba : v\u00e9lo] Mon site sur le v\u00e9lo Copinage : [Galerie-photo.com] le site de la photographie moyen et grand format haute r\u00e9solution, et son forum. [LF-photo.org.uk] le site et forum anglais de la photo [&hellip;]<\/p>\n","protected":false},"author":2,"featured_media":0,"parent":0,"menu_order":0,"comment_status":"closed","ping_status":"closed","template":"","meta":{"footnotes":""},"_links":{"self":[{"href":"https:\/\/jeanbaphoto.fr\/blog\/wp-json\/wp\/v2\/pages\/236"}],"collection":[{"href":"https:\/\/jeanbaphoto.fr\/blog\/wp-json\/wp\/v2\/pages"}],"about":[{"href":"https:\/\/jeanbaphoto.fr\/blog\/wp-json\/wp\/v2\/types\/page"}],"author":[{"embeddable":true,"href":"https:\/\/jeanbaphoto.fr\/blog\/wp-json\/wp\/v2\/users\/2"}],"replies":[{"embeddable":true,"href":"https:\/\/jeanbaphoto.fr\/blog\/wp-json\/wp\/v2\/comments?post=236"}],"version-history":[{"count":15,"href":"https:\/\/jeanbaphoto.fr\/blog\/wp-json\/wp\/v2\/pages\/236\/revisions"}],"predecessor-version":[{"id":254,"href":"https:\/\/jeanbaphoto.fr\/blog\/wp-json\/wp\/v2\/pages\/236\/revisions\/254"}],"wp:attachment":[{"href":"https:\/\/jeanbaphoto.fr\/blog\/wp-json\/wp\/v2\/media?parent=236"}],"curies":[{"name":"wp","href":"https:\/\/api.w.org\/{rel}","templated":true}]}}